{"id":495,"date":"2022-03-03T12:44:29","date_gmt":"2022-03-03T11:44:29","guid":{"rendered":"https:\/\/dev.tchamba.be\/?page_id=495"},"modified":"2024-10-17T11:18:21","modified_gmt":"2024-10-17T09:18:21","slug":"mentions-legales","status":"publish","type":"page","link":"https:\/\/tchamba.be\/fr\/mentions-legales\/","title":{"rendered":"Mentions l\u00e9gales"},"content":{"rendered":"<p><strong>Tchamba Telecom<\/strong><br \/>\nHerbesthaler Stra\u00dfe 321<br \/>\nB &#8211; 4700 Eupen<\/p>\n<p>+32 (0) 87 49 00 36<br \/>\n<a href=\"mailto:info@tchamba.be\">info@tchamba.be<\/a><\/p>\n<h4>Editeur responsable<\/h4>\n<p><strong>Tchamba: RefinderGmbh<\/strong><br \/>\nSi\u00e8ge social in 4840 Welkenraedt,<br \/>\nrue des Wallons 39,<br \/>\nUID BE 0846.369.342.<\/p>\n<h4>R\u00e9alisation technique et graphique<\/h4>\n<p>CLOTH kreativbureau.<br \/>\nSchnellewindgasse 8<br \/>\nB-4700 Eupen<\/p>\n<p>+32 87 \/ 33 35 54<br \/>\n<a href=\"mailto:info@cloth.be\">info@cloth.be<\/a><br \/>\n<a href=\"http:\/\/www.cloth.be\/\">www.cloth.be<\/a><\/p>\n<h4>Clauses de limitation de responsabilit\u00e9<\/h4>\n<p>Nous nous engageons \u00e0 assurer tous nos efforts pour offrir des informations actualis\u00e9es et exactes. Cependant, nous ne saurions \u00eatre tenus pour responsables d&rsquo;erreurs, d&rsquo;omissions ou des r\u00e9sultats qui pourraient \u00eatre obtenus par un mauvais usage de ces informations. Plus g\u00e9n\u00e9ralement, Tchamba ne pourra en aucun cas \u00eatre responsable en cas de dommages directs et\/ou indirects r\u00e9sultant de l&rsquo;utilisation de ce site.<\/p>\n<p>Tchamba d\u00e9cline formellement toute responsabilit\u00e9 quant aux contenus des sites vers lesquels elle renvoit. Ces liens sont propos\u00e9s aux utilisateurs du site web Tchamba en tant que service. La d\u00e9cision d&rsquo;activer les liens appartient exclusivement aux utilisateurs du web.<\/p>\n","protected":false},"excerpt":{"rendered":"Tchamba Telecom Herbesthaler Stra\u00dfe 321 B &#8211; 4700 Eupen +32 (0) 87 49 00 36 info@tchamba.be Editeur responsable Tchamba: RefinderGmbh Si\u00e8ge social in 4840 Welkenraedt, rue des Wallons 39, UID BE 0846.369.342. R\u00e9alisation technique et graphique CLOTH kreativbureau. Schnellewindgasse 8 B-4700 Eupen +32 87 \/ 33 35 54 info@cloth.be www.cloth.be Clauses de limitation de responsabilit\u00e9 [&hellip;]","protected":false},"author":2,"featured_media":0,"parent":0,"menu_order":15,"comment_status":"closed","ping_status":"closed","template":"impressum.php","meta":{"_acf_changed":false,"inline_featured_image":false,"footnotes":""},"class_list":["post-495","page","type-page","status-publish","hentry"],"acf":[],"_links":{"self":[{"href":"https:\/\/tchamba.be\/fr\/wp-json\/wp\/v2\/pages\/495","targetHints":{"allow":["GET"]}}],"collection":[{"href":"https:\/\/tchamba.be\/fr\/wp-json\/wp\/v2\/pages"}],"about":[{"href":"https:\/\/tchamba.be\/fr\/wp-json\/wp\/v2\/types\/page"}],"author":[{"embeddable":true,"href":"https:\/\/tchamba.be\/fr\/wp-json\/wp\/v2\/users\/2"}],"replies":[{"embeddable":true,"href":"https:\/\/tchamba.be\/fr\/wp-json\/wp\/v2\/comments?post=495"}],"version-history":[{"count":8,"href":"https:\/\/tchamba.be\/fr\/wp-json\/wp\/v2\/pages\/495\/revisions"}],"predecessor-version":[{"id":4535,"href":"https:\/\/tchamba.be\/fr\/wp-json\/wp\/v2\/pages\/495\/revisions\/4535"}],"wp:attachment":[{"href":"https:\/\/tchamba.be\/fr\/wp-json\/wp\/v2\/media?parent=495"}],"curies":[{"name":"wp","href":"https:\/\/api.w.org\/{rel}","templated":true}]}}