{"id":487,"date":"2022-03-03T12:41:50","date_gmt":"2022-03-03T11:41:50","guid":{"rendered":"https:\/\/dev.tchamba.be\/?page_id=487"},"modified":"2024-10-14T15:44:58","modified_gmt":"2024-10-14T13:44:58","slug":"declaration-de-confidentialite","status":"publish","type":"page","link":"https:\/\/tchamba.be\/fr\/declaration-de-confidentialite\/","title":{"rendered":"Protection des donn\u00e9es"},"content":{"rendered":"<p>Responsable de la collecte, du traitement et de l&rsquo;utilisation de vos donn\u00e9es personnelles au sens de l&rsquo;article 4 n \u00b0 7 du RGPD<\/p>\n<p><strong>Tchamba Telecom<\/strong><br \/>\nHerbesthaler Stra\u00dfe 321<br \/>\nB &#8211; 4700 Eupen<br \/>\n+32 (0) 87 49 00 36<\/p>\n<p>Si vous souhaitez vous opposer \u00e0 la collecte, le traitement ou l&rsquo;utilisation de vos informations par nous conform\u00e9ment \u00e0 la pr\u00e9sente Politique de confidentialit\u00e9 dans son ensemble ou pour des mesures individuelles, vous pouvez adresser votre objection \u00e0 la personne responsable.<\/p>\n<p>Cette politique de confidentialit\u00e9 est destin\u00e9e \u00e0 informer les utilisateurs de ce site Web sur la nature, la port\u00e9e et le but de la collecte et l&rsquo;utilisation de donn\u00e9es personnelles par l&rsquo;op\u00e9rateur du site.<\/p>\n<p>L&rsquo;op\u00e9rateur du site Web prend votre vie priv\u00e9e tr\u00e8s au s\u00e9rieux et traitera vos informations personnelles de mani\u00e8re confidentielle et conform\u00e9ment \u00e0 la loi. \u00c9tant donn\u00e9 que des modifications \u00e0 cette politique de confidentialit\u00e9 peuvent \u00eatre apport\u00e9es par le biais de nouvelles technologies et de l&rsquo;\u00e9volution continue de ce site, nous vous encourageons \u00e0 consulter r\u00e9guli\u00e8rement la politique de confidentialit\u00e9.<\/p>\n<p>Les d\u00e9finitions des termes utilis\u00e9s (par exemple \u00ab\u00a0donn\u00e9es personnelles\u00a0\u00bb ou \u00ab\u00a0traitement\u00a0\u00bb) se trouvent dans l&rsquo;article 4 du RGPD.<\/p>\n<h2>Effacement des donn\u00e9es et dur\u00e9e de stockage<\/h2>\n<p>Les donn\u00e9es personnelles de la personne concern\u00e9e seront supprim\u00e9es ou bloqu\u00e9es d\u00e8s que l&rsquo;objectif du stockage sera supprim\u00e9. En outre, un tel stockage peut \u00eatre pr\u00e9vu par le l\u00e9gislateur europ\u00e9en ou national dans les r\u00e8glements, lois ou autres r\u00e9glementations de l&rsquo;UE auxquels le contr\u00f4leur est soumis. Le blocage ou la suppression des donn\u00e9es intervient \u00e9galement lorsqu&rsquo;une p\u00e9riode de stockage prescrite par les normes mentionn\u00e9es expire, \u00e0 moins qu&rsquo;il ne soit n\u00e9cessaire de conserver les donn\u00e9es pour la conclusion d&rsquo;un contrat ou l&rsquo;ex\u00e9cution du contrat.<\/p>\n<h2>Donn\u00e9es d&rsquo;acc\u00e8s<\/h2>\n<p>Nous, l&rsquo;op\u00e9rateur de site Web ou fournisseur de site, \u00e9levons \u00e0 cause de notre int\u00e9r\u00eat l\u00e9gitime (art. Art. 6 par. 1, point f. RGPD) des donn\u00e9es sur l&rsquo;acc\u00e8s au site et l&rsquo;enregistrer comme un \u00ab logs du serveur \u00bb sur le serveur du site \u00e0 partir. Les donn\u00e9es suivantes sont consign\u00e9es:<\/p>\n<ul>\n<li>Site visit\u00e9<\/li>\n<li>Heure au moment de l&rsquo;acc\u00e8s<\/li>\n<li>Quantit\u00e9 de donn\u00e9es envoy\u00e9es en octets<\/li>\n<li>Source \/ r\u00e9f\u00e9rence \u00e0 partir de laquelle vous \u00eates arriv\u00e9 sur la page<\/li>\n<li>Navigateur utilis\u00e9<\/li>\n<li>Syst\u00e8me d&rsquo;exploitation utilis\u00e9<\/li>\n<li>Adresse IP utilis\u00e9e<\/li>\n<\/ul>\n<p>Les fichiers log du serveur sont stock\u00e9s pendant un maximum de 180 jours, puis supprim\u00e9s. Le stockage des donn\u00e9es est fait pour des raisons de s\u00e9curit\u00e9, pour clarifier les cas d&rsquo;abus. Si les donn\u00e9es doivent \u00eatre r\u00e9voqu\u00e9es pour des raisons de preuve, elles sont exclues de la suppression jusqu&rsquo;\u00e0 ce que l&rsquo;incident ait \u00e9t\u00e9 d\u00e9finitivement clarifi\u00e9.<\/p>\n<p>La collecte de donn\u00e9es pour la mise \u00e0 disposition du site Web et le stockage des donn\u00e9es dans des fichiers log est essentielle pour le fonctionnement du site Web. Il n&rsquo;y a donc aucune contradiction de la part de l&rsquo;utilisateur.<\/p>\n<h2>Mesure de port\u00e9e et cookies<\/h2>\n<p>Ce site utilise des cookies pour la mesure de port\u00e9e pseudonymis\u00e9e, qui sont transmis depuis notre serveur ou le serveur tiers vers le navigateur de l&rsquo;utilisateur. Les cookies sont de petits fichiers stock\u00e9s sur votre appareil. Votre navigateur acc\u00e8de \u00e0 ces fichiers. L&rsquo;utilisation de cookies augmente la convivialit\u00e9 et la s\u00e9curit\u00e9 de ce site.<\/p>\n<p>Si vous ne souhaitez pas enregistrer de cookies de mesure de distance sur votre appareil, vous pouvez vous opposer \u00e0 l&rsquo;utilisation de ces fichiers ici:<\/p>\n<p>La page de d\u00e9sactivation des cookies de la Network Advertising Initiative:<\/p>\n<ul>\n<li><a href=\"http:\/\/optout.networkadvertising.org\/?c=1#!\/\">http:\/\/optout.networkadvertising.org\/?c=1#!\/<\/a><\/li>\n<li>Page de d\u00e9sactivation des cookies du site web am\u00e9ricain:\u00a0<a href=\"http:\/\/optout.aboutads.info\/?c=2#!\/\">http:\/\/optout.aboutads.info\/?c=2#!\/<\/a><\/li>\n<li>Page de d\u00e9sactivation des cookies du site web europ\u00e9en:\u00a0<a href=\"http:\/\/optout.networkadvertising.org\/?c=1#!\/\">http:\/\/optout.networkadvertising.org\/?c=1#!\/<\/a><\/li>\n<\/ul>\n<p>Les navigateurs populaires offrent l&rsquo;option de ne pas autoriser les cookies. Note: Il n&rsquo;y a aucune garantie que vous serez en mesure d&rsquo;acc\u00e9der \u00e0 toutes les fonctions de ce site sans restrictions si vous faites les r\u00e9glages appropri\u00e9s.<\/p>\n<p>Nous utilisons des cookies pour rendre notre site Web plus convivial. Certains \u00e9l\u00e9ments de notre site requi\u00e8rent que le navigateur appelant soit identifi\u00e9 m\u00eame apr\u00e8s un saut de page.<\/p>\n<p>Les donn\u00e9es suivantes sont stock\u00e9es et transmises dans les cookies:<\/p>\n<ul>\n<li>les param\u00e8tres de langue<\/li>\n<li>Article dans un panier<\/li>\n<li>Informations de connexion<\/li>\n<\/ul>\n<h2>Collecte et traitement des donn\u00e9es personnelles<\/h2>\n<p>L&rsquo;op\u00e9rateur du site recueille, utilise et transf\u00e8re vos donn\u00e9es personnelles uniquement si cela est autoris\u00e9 par la loi ou si vous consentez \u00e0 la collecte de donn\u00e9es.<\/p>\n<p>Les informations personnelles d\u00e9signent toutes les informations utilis\u00e9es pour identifier votre personne et qui peuvent vous \u00eatre attribu\u00e9es, telles que votre nom, votre adresse e-mail et votre num\u00e9ro de t\u00e9l\u00e9phone.<\/p>\n<p>Vous pouvez \u00e9galement visiter ce site sans donner aucune information personnelle. Pour am\u00e9liorer notre offre en ligne, cependant, nous (sans r\u00e9f\u00e9rence personnelle) stockons vos donn\u00e9es d&rsquo;acc\u00e8s sur ce site. Ces donn\u00e9es d&rsquo;acc\u00e8s incluent z. Par exemple, le fichier que vous avez demand\u00e9 ou le nom de votre fournisseur de services Internet. En raison de l&rsquo;anonymisation des donn\u00e9es, les conclusions sur votre personne ne sont pas possibles.<\/p>\n<ol>\n<li><strong>Quoi?<\/strong>\u00a0\u2013 Nous traitons les donn\u00e9es personnelles telles que le pr\u00e9nom, le nom, l&rsquo;adresse IP, l&rsquo;adresse e-mail, le lieu de r\u00e9sidence, le code postal et le contenu du formulaire de contact.<\/li>\n<li><strong>Comment?<\/strong>\u00a0\u2013 Nous traitons les donn\u00e9es personnelles uniquement avec l&rsquo;autorisation expresse des utilisateurs concern\u00e9s et conform\u00e9ment aux r\u00e9glementations applicables en mati\u00e8re de protection des donn\u00e9es.<\/li>\n<li><strong>Pourquoi?<\/strong>\u00a0\u2013 Le traitement des donn\u00e9es personnelles est bas\u00e9 sur notre int\u00e9r\u00eat l\u00e9gitime \u00e0 remplir nos services contractuellement convenus et \u00e0 optimiser nos services en ligne.<\/li>\n<\/ol>\n<h2>Formulaire de commande et contact &amp; contact par e-mail<\/h2>\n<p>Sur notre site Web est un formulaire de contact disponible, qui peut \u00eatre utilis\u00e9 pour un contact \u00e9lectronique. Si un utilisateur utilise cette option, les donn\u00e9es saisies dans le masque de saisie nous seront transmises et sauvegard\u00e9es.<\/p>\n<p>Alternativement, le contact via l&rsquo;adresse e-mail fournie est possible. Dans ce cas, les donn\u00e9es personnelles de l&rsquo;utilisateur transmises par e-mail seront stock\u00e9es.<\/p>\n<p>Dans ce contexte, il n&rsquo;y a pas de divulgation des donn\u00e9es \u00e0 des tiers. Les donn\u00e9es sont utilis\u00e9es exclusivement pour le traitement de la conversation.<\/p>\n<p>La base juridique pour le traitement des donn\u00e9es est en pr\u00e9sence du consentement de l&rsquo;utilisateur Art 6 paragraphe 1 lit. un GDPR.<\/p>\n<p>La base juridique pour le traitement des donn\u00e9es transmises lors de l&rsquo;envoi d&rsquo;un e-mail est l&rsquo;article 6 (1) allum\u00e9. f GDPR. Si le contact par e-mail vise \u00e0 conclure un contrat, la base juridique suppl\u00e9mentaire pour le traitement est l&rsquo;article 6, paragraphe 1, lit. b GDPR.<\/p>\n<p>Le traitement des donn\u00e9es personnelles \u00e0 partir du masque de saisie ne nous sert qu&rsquo;\u00e0 traiter le contact. Dans le cas d&rsquo;un contact par e-mail, cela inclut \u00e9galement l&rsquo;int\u00e9r\u00eat l\u00e9gitime requis dans le traitement des donn\u00e9es. Les autres donn\u00e9es personnelles trait\u00e9es au cours du processus d&rsquo;envoi servent \u00e0 emp\u00eacher une utilisation abusive du formulaire de contact et \u00e0 assurer la s\u00e9curit\u00e9 de nos syst\u00e8mes informatiques.<\/p>\n<p>Les donn\u00e9es seront supprim\u00e9es d\u00e8s qu&rsquo;elles ne seront plus n\u00e9cessaires aux fins de leur collecte. Pour les donn\u00e9es personnelles du formulaire de saisie du formulaire de contact et celles envoy\u00e9es par e-mail, c&rsquo;est le cas lorsque la conversation respective avec l&rsquo;utilisateur est termin\u00e9e. La conversation est termin\u00e9e lorsqu&rsquo;il peut \u00eatre d\u00e9duit des circonstances que les faits pertinents ont \u00e9t\u00e9 finalement clarifi\u00e9s.<\/p>\n<p>L&rsquo;utilisateur a la possibilit\u00e9 \u00e0 tout moment de r\u00e9voquer son consentement au traitement des donn\u00e9es personnelles. Si l&rsquo;utilisateur nous contacte par e-mail, il peut s&rsquo;opposer au stockage de ses donn\u00e9es personnelles \u00e0 tout moment. Dans un tel cas, la conversation ne peut pas continuer.<\/p>\n<h2>Google Analytics<\/h2>\n<p>En raison de nos int\u00e9r\u00eats l\u00e9gitimes, ce site utilise pour l&rsquo;optimisation et l&rsquo;analyse de notre offre en ligne au sens de l&rsquo;article 6, paragraphe 1, lit. f. GDPR le service \u00ab\u00a0Google Analytics\u00a0\u00bb, qui de Google Inc. (1600 Amphitheatre Parkway Mountain View, CA 94043) est offert. Le service (Google Analytics) utilise des \u00abcookies\u00bb &#8211; des fichiers texte stock\u00e9s sur votre appareil. Les informations collect\u00e9es par les cookies sont g\u00e9n\u00e9ralement envoy\u00e9es \u00e0 un serveur de Google aux \u00c9tats-Unis et y sont stock\u00e9es pendant 14 mois.<\/p>\n<p>Google LLC d\u00e9tient la loi sur la protection des donn\u00e9es europ\u00e9ennes, et est certifi\u00e9 en vertu de l&rsquo;Accord de bouclier de la vie priv\u00e9e:\u00a0<a href=\"https:\/\/www.privacyshield.gov\/participant?id=a2zt000000001L5AAI&amp;status=Active\">https:\/\/www.privacyshield.gov\/participant?id=a2zt000000001L5AAI&amp;status=Active<\/a><\/p>\n<p>Sur ce site Web acc\u00e8de \u00e0 l&rsquo;anonymisation IP. L&rsquo;adresse IP des utilisateurs est raccourcie au sein des \u00c9tats membres de l&rsquo;UE et de l&rsquo;Espace \u00e9conomique europ\u00e9en et dans les autres \u00c9tats contractants de l&rsquo;accord. Seulement dans des cas individuels, l&rsquo;adresse IP est initialement transf\u00e9r\u00e9e int\u00e9gralement aux \u00c9tats-Unis \u00e0 un serveur de Google et raccourcie l\u00e0. Cette r\u00e9duction \u00e9limine la r\u00e9f\u00e9rence personnelle de votre adresse IP. L&rsquo;adresse IP de l&rsquo;utilisateur fournie par le navigateur ne sera pas combin\u00e9e avec d&rsquo;autres donn\u00e9es stock\u00e9es par Google.<\/p>\n<p>Selon les termes du contrat de donn\u00e9es de commande que nous avons cr\u00e9\u00e9 avec Google Inc. en tant qu&rsquo;op\u00e9rateur de site Web, les informations que nous collectons seront utilis\u00e9es pour \u00e9valuer l&rsquo;activit\u00e9 du site et l&rsquo;activit\u00e9 du site et fournir des services li\u00e9s \u00e0 Internet.<\/p>\n<p>Les donn\u00e9es collect\u00e9es par Google en notre nom seront utilis\u00e9es pour \u00e9valuer l&rsquo;utilisation de notre offre en ligne par des utilisateurs individuels, tels que: Par exemple, g\u00e9n\u00e9rer des rapports d&rsquo;activit\u00e9 sur le site Web pour am\u00e9liorer notre offre en ligne.<\/p>\n<p>Vous avez la possibilit\u00e9 d&#8217;emp\u00eacher le stockage de cookies sur votre appareil en configurant les param\u00e8tres appropri\u00e9s dans votre navigateur. Il n&rsquo;y a aucune garantie que vous serez en mesure d&rsquo;acc\u00e9der \u00e0 toutes les fonctionnalit\u00e9s de ce site sans restriction si votre navigateur ne permet pas les cookies.<\/p>\n<p>Vous pouvez \u00e9galement emp\u00eacher le traitement (y compris votre adresse IP) est envoy\u00e9e \u00e0 Google Inc. et utilis\u00e9 par Google, Inc. par le biais des cookies renseignements recueillis gr\u00e2ce \u00e0 un plug-in de navigateur. Le lien suivant vous am\u00e8ne \u00e0 le plug-in correspondant:\u00a0<a href=\"https:\/\/tools.google.com\/dlpage\/gaoptout?hl=de\">https:\/\/tools.google.com\/dlpage\/gaoptout?hl=de<\/a><\/p>\n<p>Vous pouvez \u00e9galement cliquer sur ce lien pour emp\u00eacher Google Analytics de collecter des donn\u00e9es vous concernant sur ce site Web. En cliquant sur le lien ci-dessus, vous t\u00e9l\u00e9chargez un \u00ab\u00a0cookie d&rsquo;exclusion\u00a0\u00bb. Votre navigateur doit autoriser le stockage des cookies. Si vous supprimez vos cookies r\u00e9guli\u00e8rement, vous devrez cliquer sur le lien chaque fois que vous visitez ce site.<\/p>\n<p>Voici plus d&rsquo;informations sur l&rsquo;utilisation des donn\u00e9es par Google Inc:<\/p>\n<p><a href=\"https:\/\/policies.google.com\/privacy\/partners?hl=de\">https:\/\/policies.google.com\/privacy\/partners?hl=de<\/a>\u00a0(donn\u00e9es collect\u00e9es aupr\u00e8s des partenaires Google)<br \/>\n<a href=\"https:\/\/policies.google.com\/privacy\/partners?hl=dehttps:\/\/adssettings.google.com\/authenticated\">https:\/\/policies.google.com\/privacy\/partners?hl=dehttps:\/\/adssettings.google.com\/authenticated\u00a0<\/a>(param\u00e8tres relatifs aux annonces que vous voyez)<br \/>\n<a href=\"https:\/\/policies.google.com\/technologies\/ads?hl=de\">https:\/\/policies.google.com\/technologies\/ads?hl=de\u00a0<\/a>(utilisation de cookies dans l&rsquo;affichage)<\/p>\n<h2>Facebook Pixel<\/h2>\n<p>Pour l&rsquo;analyse, l&rsquo;optimisation et le fonctionnement \u00e9conomique de notre offre en ligne, notre site web utilise le service Facebook Pixel du r\u00e9seau social Facebook, qui est exploit\u00e9 par Facebook Ireland Ltd, 4 Grand Canal Square, Grand Canal Harbour, Dublin 2, Irlande (\u00ab\u00a0Facebook\u00a0\u00bb).<\/p>\n<p>ATTENTION : Dans le cadre de ce service, des donn\u00e9es sont transf\u00e9r\u00e9es aux Etats-Unis ou un tel transfert ne peut \u00eatre exclu.<\/p>\n<p>\u00c0 l&rsquo;aide du pixel Facebook, il est possible pour Facebook de d\u00e9terminer les visiteurs de notre site web comme groupe cible pour l&rsquo;affichage de publicit\u00e9s (appel\u00e9es \u00a0\u00bb Facebook Ads \u00ab\u00a0). Par cons\u00e9quent, nous utilisons le Pixel Facebook pour afficher les publicit\u00e9s Facebook plac\u00e9es par nos soins uniquement aux utilisateurs de Facebook qui ont \u00e9galement manifest\u00e9 un int\u00e9r\u00eat pour notre offre en ligne ou qui pr\u00e9sentent certaines caract\u00e9ristiques (par exemple, des int\u00e9r\u00eats pour certains sujets ou produits d\u00e9termin\u00e9s sur la base des sites Internet visit\u00e9s) que nous transmettons \u00e0 Facebook (appel\u00e9es \u00a0\u00bb Custom Audiences \u00ab\u00a0). \u00c0 l&rsquo;aide du pixel Facebook, nous voulons \u00e9galement nous assurer que nos publicit\u00e9s Facebook correspondent \u00e0 l&rsquo;int\u00e9r\u00eat potentiel des utilisateurs et n&rsquo;ont pas un effet de harc\u00e8lement. Avec l&rsquo;aide de Facebook Pixel, nous pouvons \u00e9galement suivre l&rsquo;efficacit\u00e9 des publicit\u00e9s Facebook \u00e0 des fins statistiques et d&rsquo;\u00e9tude de march\u00e9 en voyant si les utilisateurs ont \u00e9t\u00e9 redirig\u00e9s vers notre site web apr\u00e8s avoir cliqu\u00e9 sur une publicit\u00e9 Facebook (ce que l&rsquo;on appelle la \u00a0\u00bb conversion \u00ab\u00a0).<\/p>\n<p>Vos actions sont stock\u00e9es dans un ou plusieurs cookies. Ces cookies permettent \u00e0 Facebook de faire correspondre vos donn\u00e9es d&rsquo;utilisateur (telles que l&rsquo;adresse IP, l&rsquo;ID utilisateur) avec les donn\u00e9es de votre compte Facebook. Les donn\u00e9es collect\u00e9es sont anonymes et non visibles pour nous et ne peuvent \u00eatre utilis\u00e9es que dans le cadre de publicit\u00e9s. Vous pouvez emp\u00eacher la liaison avec votre compte Facebook en vous d\u00e9connectant avant d&rsquo;entreprendre toute action.<\/p>\n<p>Le traitement de vos donn\u00e9es est bas\u00e9 sur votre consentement au sens de l&rsquo;art 6 (1) lit. a DSGVO. Vous pouvez r\u00e9voquer ce consentement \u00e0 tout moment avec effet pour l&rsquo;avenir.<\/p>\n<p>De plus amples informations sur la mani\u00e8re dont Facebook traite les donn\u00e9es personnelles, y compris les bases juridiques sur lesquelles Facebook se fonde et les possibilit\u00e9s d&rsquo;exercer les droits des personnes concern\u00e9es vis-\u00e0-vis de Facebook, sont disponibles dans la politique de donn\u00e9es de Facebook \u00e0 l&rsquo;adresse https:\/\/de-de.facebook.com\/policy.php.<\/p>\n<p>Pour d\u00e9finir les types de publicit\u00e9s qui vous sont montr\u00e9es dans Facebook, vous pouvez vous rendre sur la page mise en place par Facebook et suivre les instructions qui y sont donn\u00e9es sur les param\u00e8tres de la publicit\u00e9 bas\u00e9e sur l&rsquo;utilisation : https:\/\/www.facebook.com\/settings?tab=ads.<\/p>\n<p>Les r\u00e9glages sont effectu\u00e9s de mani\u00e8re ind\u00e9pendante de la plateforme, c&rsquo;est-\u00e0-dire qu&rsquo;ils sont appliqu\u00e9s \u00e0 tous les appareils, qu&rsquo;il s&rsquo;agisse d&rsquo;ordinateurs de bureau ou d&rsquo;appareils mobiles.<\/p>\n<p>Des notes g\u00e9n\u00e9rales sur l&rsquo;affichage des publicit\u00e9s Facebook sont disponibles \u00e0 l&rsquo;adresse suivante : https:\/\/de-de.facebook.com\/policy.php.<\/p>\n<p>Des informations sp\u00e9cifiques et des d\u00e9tails sur le Pixel Facebook et son fonctionnement sont disponibles dans la section d&rsquo;aide de Facebook : https:\/\/de-de.facebook.com\/business\/help\/651294705016616.<\/p>\n<h2>API de Conversion Facebook<\/h2>\n<p>Cette d\u00e9claration d\u00e9crit nos mesures de conformit\u00e9 concernant l&rsquo;utilisation de l&rsquo;API de Conversion Facebook sur notre site web.<\/p>\n<p>Identification du responsable : Tchamba Telecom agit en tant que responsable du traitement des donn\u00e9es et est charg\u00e9 de la collecte, du traitement et de la conservation des donn\u00e9es personnelles obtenues par le biais de l&rsquo;API de Conversion Facebook.<\/p>\n<p>Objectif du traitement des donn\u00e9es : L&rsquo;API de Conversion Facebook est utilis\u00e9e sur notre site web pour suivre et analyser les interactions des utilisateurs avec nos publicit\u00e9s sur Facebook et Instagram, nous permettant ainsi de mesurer l&rsquo;efficacit\u00e9 de nos campagnes publicitaires et d&rsquo;optimiser nos strat\u00e9gies marketing.<\/p>\n<p>Base l\u00e9gale du traitement des donn\u00e9es : La base l\u00e9gale du traitement des donn\u00e9es personnelles par le biais de l&rsquo;API de Conversion Facebook est l&rsquo;int\u00e9r\u00eat l\u00e9gitime poursuivi par Tchamba Telecom dans l&rsquo;\u00e9valuation et l&rsquo;am\u00e9lioration de l&rsquo;efficacit\u00e9 de nos campagnes publicitaires. Nous veillons \u00e0 ce que toutes les donn\u00e9es personnelles collect\u00e9es soient utilis\u00e9es uniquement \u00e0 des fins d\u00e9termin\u00e9es et ne portent pas atteinte aux droits et libert\u00e9s des personnes concern\u00e9es.<\/p>\n<p>Cat\u00e9gories de donn\u00e9es personnelles trait\u00e9es : Lors de l&rsquo;utilisation de l&rsquo;API de Conversion Facebook, les cat\u00e9gories de donn\u00e9es personnelles suivantes peuvent \u00eatre trait\u00e9es :<\/p>\n<ul>\n<li>Adresse IP<\/li>\n<li>Informations sur l&rsquo;appareil (par exemple, type de navigateur, syst\u00e8me d&rsquo;exploitation)<\/li>\n<li>Interactions des utilisateurs sur notre site web (par exemple, consultations de pages, clics, soumissions de formulaires)<\/li>\n<li>\u00c9v\u00e9nements de conversion (par exemple, achats, inscriptions)<\/li>\n<\/ul>\n<p>Conservation des donn\u00e9es : Nous conservons les donn\u00e9es personnelles collect\u00e9es par le biais de l&rsquo;API de Conversion Facebook pendant une dur\u00e9e n\u00e9cessaire pour atteindre les objectifs pour lesquels elles ont \u00e9t\u00e9 collect\u00e9es, ainsi que pour respecter les obligations l\u00e9gales. Les dur\u00e9es de conservation peuvent varier en fonction des circonstances sp\u00e9cifiques et des exigences l\u00e9gales.<\/p>\n<p>Destinataires des donn\u00e9es : Les donn\u00e9es personnelles trait\u00e9es par le biais de l&rsquo;API de Conversion Facebook peuvent \u00eatre partag\u00e9es avec Facebook Ireland Limited et ses filiales afin de mesurer l&rsquo;efficacit\u00e9 des publicit\u00e9s, d&rsquo;optimiser le ciblage et de permettre la personnalisation des publicit\u00e9s. Facebook Ireland Limited agit en tant que sous-traitant et est \u00e9galement engag\u00e9 \u00e0 respecter le RGPD.<\/p>\n<p>Transferts internationaux de donn\u00e9es : \u00c9tant donn\u00e9 que Facebook Ireland Limited est bas\u00e9e dans l&rsquo;Espace \u00e9conomique europ\u00e9en (EEE), tous les transferts internationaux de donn\u00e9es effectu\u00e9s dans le cadre de l&rsquo;API de Conversion Facebook sont conformes aux garanties n\u00e9cessaires d\u00e9finies par le RGPD.<\/p>\n<h2>Cookies<\/h2>\n","protected":false},"excerpt":{"rendered":"Responsable de la collecte, du traitement et de l&rsquo;utilisation de vos donn\u00e9es personnelles au sens de l&rsquo;article 4 n \u00b0 7 du RGPD Tchamba Telecom Herbesthaler Stra\u00dfe 321 B &#8211; 4700 Eupen +32 (0) 87 49 00 36 Si vous souhaitez vous opposer \u00e0 la collecte, le traitement ou l&rsquo;utilisation de vos informations par nous [&hellip;]","protected":false},"author":2,"featured_media":0,"parent":0,"menu_order":9,"comment_status":"closed","ping_status":"closed","template":"datenschutz.php","meta":{"_acf_changed":false,"inline_featured_image":false,"footnotes":""},"class_list":["post-487","page","type-page","status-publish","hentry"],"acf":[],"_links":{"self":[{"href":"https:\/\/tchamba.be\/fr\/wp-json\/wp\/v2\/pages\/487","targetHints":{"allow":["GET"]}}],"collection":[{"href":"https:\/\/tchamba.be\/fr\/wp-json\/wp\/v2\/pages"}],"about":[{"href":"https:\/\/tchamba.be\/fr\/wp-json\/wp\/v2\/types\/page"}],"author":[{"embeddable":true,"href":"https:\/\/tchamba.be\/fr\/wp-json\/wp\/v2\/users\/2"}],"replies":[{"embeddable":true,"href":"https:\/\/tchamba.be\/fr\/wp-json\/wp\/v2\/comments?post=487"}],"version-history":[{"count":9,"href":"https:\/\/tchamba.be\/fr\/wp-json\/wp\/v2\/pages\/487\/revisions"}],"predecessor-version":[{"id":4486,"href":"https:\/\/tchamba.be\/fr\/wp-json\/wp\/v2\/pages\/487\/revisions\/4486"}],"wp:attachment":[{"href":"https:\/\/tchamba.be\/fr\/wp-json\/wp\/v2\/media?parent=487"}],"curies":[{"name":"wp","href":"https:\/\/api.w.org\/{rel}","templated":true}]}}